{"id":80,"date":"2025-12-14T21:22:04","date_gmt":"2025-12-14T21:22:04","guid":{"rendered":"https:\/\/ehcsils-id.ch\/?page_id=80"},"modified":"2026-02-17T17:39:51","modified_gmt":"2026-02-17T17:39:51","slug":"anlaesse","status":"publish","type":"page","link":"https:\/\/ehcsils-id.ch\/?page_id=80","title":{"rendered":"Anl\u00e4sse"},"content":{"rendered":"\n<h3 class=\"wp-block-heading has-luminous-vivid-amber-color has-text-color has-link-color wp-elements-1bf514098321d3d52d484bf18199ad66\"><strong>Informationen zu den kommenden Anl\u00e4ssen finden Sie hier:<\/strong><\/h3>\n\n\n\n<p><strong> Tag des B\u00fcndner Sports<\/strong><\/p>\n\n\n\n<div class=\"wp-block-media-text has-media-on-the-right is-stacked-on-mobile\" style=\"grid-template-columns:auto 36%\"><div class=\"wp-block-media-text__content\">\n<p>Unser Verein zeigt sich auch immer wieder aktiv an verschiedenen Anl\u00e4ssen. So haben wir zum Beispiel Ende Mai einen Stand am Tag des B\u00fcndner Sports in Thusis. An diesem Anlass haben wir die M\u00f6glichkeit unseren Verein den interessierten Besuchern vorzustellen.<\/p>\n<\/div><figure class=\"wp-block-media-text__media\"><a href=\"https:\/\/ehcsils-id.ch\/wp-content\/uploads\/2025\/12\/20240525_101417-1-scaled.jpg\"><img loading=\"lazy\" decoding=\"async\" width=\"1024\" height=\"609\" src=\"https:\/\/ehcsils-id.ch\/wp-content\/uploads\/2025\/12\/20240525_101417-1-1024x609.jpg\" alt=\"\" class=\"wp-image-237 size-full\" srcset=\"https:\/\/ehcsils-id.ch\/wp-content\/uploads\/2025\/12\/20240525_101417-1-1024x609.jpg 1024w, https:\/\/ehcsils-id.ch\/wp-content\/uploads\/2025\/12\/20240525_101417-1-300x178.jpg 300w, https:\/\/ehcsils-id.ch\/wp-content\/uploads\/2025\/12\/20240525_101417-1-768x457.jpg 768w, https:\/\/ehcsils-id.ch\/wp-content\/uploads\/2025\/12\/20240525_101417-1-1536x913.jpg 1536w, https:\/\/ehcsils-id.ch\/wp-content\/uploads\/2025\/12\/20240525_101417-1-2048x1218.jpg 2048w\" sizes=\"auto, (max-width: 1024px) 100vw, 1024px\" \/><\/a><\/figure><\/div>\n\n\n\n<p><strong>\u00a01.Augustfest<\/strong><\/p>\n\n\n\n<div class=\"wp-block-media-text has-media-on-the-right is-stacked-on-mobile is-vertically-aligned-center\" style=\"grid-template-columns:auto 40%\"><div class=\"wp-block-media-text__content\">\n<p>In Zusammenarbeit mit der Gemeinde Sils i.D. organisiert der EHC Sils i.D. j\u00e4hrlich die beliebte, gem\u00fctliche Feier zum Schweizer Nationalfeiertag auf dem Schulhausplatz in Sils.<\/p>\n\n\n\n<p>Die zahlreichen Silserinnen und Silser, aber auch G\u00e4ste von nah und fern, liessen sich an einem freundlichen Sommerabend verw\u00f6hnen vom Angebot von frischen Gerichten vom Grill, zubereitet aus regionalen Zutaten und mit Herzblut der Eishockeyaner.&nbsp;<\/p>\n\n\n\n<p>Ein herzliches Dankesch\u00f6n geb\u00fchrt den Ehefrauen, Freundinnen und M\u00fctter der Spieler, welche unsere Veranstaltungen jeweils massgeblich durch eine grosse Vielfalt von Kuchen und Torten bereichern.<\/p>\n\n\n\n<p>Der Fackelumzug, Feuerwerk und ein beeindruckendes 1. Augustfeuer machten den Abend f\u00fcr Kinder und Erwachsene zu einem ganz besonderen Erlebnis.<\/p>\n\n\n\n<p>Der Erl\u00f6s der Festwirtschaft kommt der Vereinskasse des EHC Sils i.D. zugute. Damit wird der Verein auch weiterhin in der Lage sein, seine Aktivit\u00e4ten fortzuf\u00fchren und die Nachwuchsf\u00f6rderung im Eishockey in der Region Viamala voranzutreiben. So bleibt die 1. Augustfeier nicht nur ein Fest der Freude, sondern auch ein wichtiger Beitrag zum Vereinsleben und zur F\u00f6rderung des Eishockey- Sports in der Region.<\/p>\n<\/div><figure class=\"wp-block-media-text__media\"><a href=\"https:\/\/ehcsils-id.ch\/wp-content\/uploads\/2025\/12\/IMG_20240801_213927-scaled.jpg\"><img loading=\"lazy\" decoding=\"async\" width=\"1024\" height=\"576\" src=\"https:\/\/ehcsils-id.ch\/wp-content\/uploads\/2025\/12\/IMG_20240801_213927-1024x576.jpg\" alt=\"\" class=\"wp-image-239 size-full\" srcset=\"https:\/\/ehcsils-id.ch\/wp-content\/uploads\/2025\/12\/IMG_20240801_213927-1024x576.jpg 1024w, https:\/\/ehcsils-id.ch\/wp-content\/uploads\/2025\/12\/IMG_20240801_213927-300x169.jpg 300w, https:\/\/ehcsils-id.ch\/wp-content\/uploads\/2025\/12\/IMG_20240801_213927-768x432.jpg 768w, https:\/\/ehcsils-id.ch\/wp-content\/uploads\/2025\/12\/IMG_20240801_213927-1536x864.jpg 1536w, https:\/\/ehcsils-id.ch\/wp-content\/uploads\/2025\/12\/IMG_20240801_213927-2048x1152.jpg 2048w\" sizes=\"auto, (max-width: 1024px) 100vw, 1024px\" \/><\/a><\/figure><\/div>\n\n\n\n<p><strong><strong>Trainingsla<\/strong>ger<\/strong><\/p>\n\n\n\n<div class=\"wp-block-media-text is-stacked-on-mobile is-vertically-aligned-center\" style=\"grid-template-columns:40% auto\"><figure class=\"wp-block-media-text__media\"><a href=\"https:\/\/ehcsils-id.ch\/wp-content\/uploads\/2025\/12\/Bildschirmfoto-2025-12-17-um-00.56.42.png\"><img loading=\"lazy\" decoding=\"async\" width=\"1024\" height=\"412\" src=\"https:\/\/ehcsils-id.ch\/wp-content\/uploads\/2025\/12\/Bildschirmfoto-2025-12-17-um-00.56.42-1024x412.png\" alt=\"\" class=\"wp-image-241 size-full\" srcset=\"https:\/\/ehcsils-id.ch\/wp-content\/uploads\/2025\/12\/Bildschirmfoto-2025-12-17-um-00.56.42-1024x412.png 1024w, https:\/\/ehcsils-id.ch\/wp-content\/uploads\/2025\/12\/Bildschirmfoto-2025-12-17-um-00.56.42-300x121.png 300w, https:\/\/ehcsils-id.ch\/wp-content\/uploads\/2025\/12\/Bildschirmfoto-2025-12-17-um-00.56.42-768x309.png 768w, https:\/\/ehcsils-id.ch\/wp-content\/uploads\/2025\/12\/Bildschirmfoto-2025-12-17-um-00.56.42.png 1242w\" sizes=\"auto, (max-width: 1024px) 100vw, 1024px\" \/><\/a><\/figure><div class=\"wp-block-media-text__content\">\n<div class=\"wp-block-group is-nowrap is-layout-flex wp-container-core-group-is-layout-6c531013 wp-block-group-is-layout-flex\">\n<p>Das gemeinsame Trainingslager der 1. Mannschaft und der Plauschmannschaft findet jeweils Anfang Oktober statt. W\u00e4hrend mehrerer Tage stehen intensive Trainingseinheiten, gemeinsame Aktivit\u00e4ten sowie der Austausch zwischen den beiden Teams im Mittelpunkt. Neben der sportlichen Weiterentwicklung bietet das Trainingslager auch die Gelegenheit, den Teamgeist zu st\u00e4rken und sich optimal auf die bevorstehenden Herausforderungen der Saison vorzubereiten.<\/p>\n<\/div>\n<\/div><\/div>\n\n\n\n<p><\/p>\n\n\n\n<p><strong>Ehrenfelscup Sils<\/strong><\/p>\n\n\n\n<div class=\"wp-block-media-text is-stacked-on-mobile\"><figure class=\"wp-block-media-text__media\"><a href=\"https:\/\/ehcsils-id.ch\/wp-content\/uploads\/2025\/12\/WhatsApp-Image-2025-11-18-at-11.12.27.jpeg\"><img loading=\"lazy\" decoding=\"async\" width=\"724\" height=\"1024\" src=\"https:\/\/ehcsils-id.ch\/wp-content\/uploads\/2025\/12\/WhatsApp-Image-2025-11-18-at-11.12.27-724x1024.jpeg\" alt=\"\" class=\"wp-image-246 size-full\" srcset=\"https:\/\/ehcsils-id.ch\/wp-content\/uploads\/2025\/12\/WhatsApp-Image-2025-11-18-at-11.12.27-724x1024.jpeg 724w, https:\/\/ehcsils-id.ch\/wp-content\/uploads\/2025\/12\/WhatsApp-Image-2025-11-18-at-11.12.27-212x300.jpeg 212w, https:\/\/ehcsils-id.ch\/wp-content\/uploads\/2025\/12\/WhatsApp-Image-2025-11-18-at-11.12.27-768x1086.jpeg 768w, https:\/\/ehcsils-id.ch\/wp-content\/uploads\/2025\/12\/WhatsApp-Image-2025-11-18-at-11.12.27-1086x1536.jpeg 1086w, https:\/\/ehcsils-id.ch\/wp-content\/uploads\/2025\/12\/WhatsApp-Image-2025-11-18-at-11.12.27.jpeg 1131w\" sizes=\"auto, (max-width: 724px) 100vw, 724px\" \/><\/a><\/figure><div class=\"wp-block-media-text__content\">\n<p>Das Natureisfeld in Sils i.D. bot jeweils im Januar den perfekten Rahmen f\u00fcr packende Eishockeyduelle in frischer Domleschger Winterluft. Ab diesem Jahr wird jedoch auf der neuen Kunsteisbahn gespielt.<\/p>\n\n\n\n<p>Was einst als Turnier f\u00fcr die j\u00fcngsten Eishockeytalente begann, hat sich inzwischen zu einem beliebten Wettbewerb f\u00fcr engagierte Plauschmannschaften aus der Region entwickelt.<\/p>\n\n\n\n<p>Beim Ehrenfels-Cup geht es l\u00e4ngst nicht nur um sportlichen Erfolg, sondern vor allem um die Leidenschaft f\u00fcr das Spiel, die Freude am Wettkampf und das gesellige Miteinander. Das Teilnehmerfeld setzt sich jedes Jahr aus erfahrenen Routiniers und neuen Gesichtern zusammen \u2013 alle vereint durch den Willen, auf dem Eis ihr Bestes zu geben. Die gelungene Mischung aus sportlicher Spannung, regionalem Flair und kulinarischen Highlights macht den Ehrenfels-Cup zu einem besonderen Erlebnis, das Jahr f\u00fcr Jahr zahlreiche Besucherinnen und Besucher nach Sils lockt. Je nach K\u00e4lte- und Schneeverh\u00e4ltnissen findet die n\u00e4chste Austragung traditionell Anfang Januar statt.<\/p>\n\n\n\n<p>Schon heute freuen wir uns auf das n\u00e4chste Eishockeyfest auf der Silser Kunsteisbahn.<\/p>\n<\/div><\/div>\n\n\n\n<p><\/p>\n\n\n\n<p><strong>24.01.2026 Silser Eisfest sowie Hockey f\u00fcr alle Turnier<\/strong><\/p>\n\n\n\n<figure class=\"wp-block-gallery has-nested-images columns-default is-cropped wp-block-gallery-1 is-layout-flex wp-block-gallery-is-layout-flex\">\n<figure data-wp-context=\"{&quot;imageId&quot;:&quot;69d3759bde63f&quot;}\" data-wp-interactive=\"core\/image\" data-wp-key=\"69d3759bde63f\" class=\"wp-block-image size-large wp-lightbox-container\"><img loading=\"lazy\" decoding=\"async\" width=\"721\" height=\"1024\" data-wp-class--hide=\"state.isContentHidden\" data-wp-class--show=\"state.isContentVisible\" data-wp-init=\"callbacks.setButtonStyles\" data-wp-on--click=\"actions.showLightbox\" data-wp-on--load=\"callbacks.setButtonStyles\" data-wp-on-window--resize=\"callbacks.setButtonStyles\" data-id=\"245\" src=\"https:\/\/ehcsils-id.ch\/wp-content\/uploads\/2025\/12\/01249af0-bdac-426b-9177-b422b6ef5e4c-721x1024.jpeg\" alt=\"\" class=\"wp-image-245\" srcset=\"https:\/\/ehcsils-id.ch\/wp-content\/uploads\/2025\/12\/01249af0-bdac-426b-9177-b422b6ef5e4c-721x1024.jpeg 721w, https:\/\/ehcsils-id.ch\/wp-content\/uploads\/2025\/12\/01249af0-bdac-426b-9177-b422b6ef5e4c-211x300.jpeg 211w, https:\/\/ehcsils-id.ch\/wp-content\/uploads\/2025\/12\/01249af0-bdac-426b-9177-b422b6ef5e4c-768x1091.jpeg 768w, https:\/\/ehcsils-id.ch\/wp-content\/uploads\/2025\/12\/01249af0-bdac-426b-9177-b422b6ef5e4c.jpeg 850w\" sizes=\"auto, (max-width: 721px) 100vw, 721px\" \/><button\n\t\t\tclass=\"lightbox-trigger\"\n\t\t\ttype=\"button\"\n\t\t\taria-haspopup=\"dialog\"\n\t\t\taria-label=\"Vergr\u00f6ssern\"\n\t\t\tdata-wp-init=\"callbacks.initTriggerButton\"\n\t\t\tdata-wp-on--click=\"actions.showLightbox\"\n\t\t\tdata-wp-style--right=\"state.imageButtonRight\"\n\t\t\tdata-wp-style--top=\"state.imageButtonTop\"\n\t\t>\n\t\t\t<svg xmlns=\"http:\/\/www.w3.org\/2000\/svg\" width=\"12\" height=\"12\" fill=\"none\" viewBox=\"0 0 12 12\">\n\t\t\t\t<path fill=\"#fff\" d=\"M2 0a2 2 0 0 0-2 2v2h1.5V2a.5.5 0 0 1 .5-.5h2V0H2Zm2 10.5H2a.5.5 0 0 1-.5-.5V8H0v2a2 2 0 0 0 2 2h2v-1.5ZM8 12v-1.5h2a.5.5 0 0 0 .5-.5V8H12v2a2 2 0 0 1-2 2H8Zm2-12a2 2 0 0 1 2 2v2h-1.5V2a.5.5 0 0 0-.5-.5H8V0h2Z\" \/>\n\t\t\t<\/svg>\n\t\t<\/button><\/figure>\n\n\n\n<figure data-wp-context=\"{&quot;imageId&quot;:&quot;69d3759bdf0ba&quot;}\" data-wp-interactive=\"core\/image\" data-wp-key=\"69d3759bdf0ba\" class=\"wp-block-image size-large wp-lightbox-container\"><img loading=\"lazy\" decoding=\"async\" width=\"723\" height=\"1024\" data-wp-class--hide=\"state.isContentHidden\" data-wp-class--show=\"state.isContentVisible\" data-wp-init=\"callbacks.setButtonStyles\" data-wp-on--click=\"actions.showLightbox\" data-wp-on--load=\"callbacks.setButtonStyles\" data-wp-on-window--resize=\"callbacks.setButtonStyles\" data-id=\"244\" src=\"https:\/\/ehcsils-id.ch\/wp-content\/uploads\/2025\/12\/WhatsApp-Image-2025-12-16-at-12.12.21-1-723x1024.jpeg\" alt=\"\" class=\"wp-image-244\" srcset=\"https:\/\/ehcsils-id.ch\/wp-content\/uploads\/2025\/12\/WhatsApp-Image-2025-12-16-at-12.12.21-1-723x1024.jpeg 723w, https:\/\/ehcsils-id.ch\/wp-content\/uploads\/2025\/12\/WhatsApp-Image-2025-12-16-at-12.12.21-1-212x300.jpeg 212w, https:\/\/ehcsils-id.ch\/wp-content\/uploads\/2025\/12\/WhatsApp-Image-2025-12-16-at-12.12.21-1-768x1087.jpeg 768w, https:\/\/ehcsils-id.ch\/wp-content\/uploads\/2025\/12\/WhatsApp-Image-2025-12-16-at-12.12.21-1.jpeg 857w\" sizes=\"auto, (max-width: 723px) 100vw, 723px\" \/><button\n\t\t\tclass=\"lightbox-trigger\"\n\t\t\ttype=\"button\"\n\t\t\taria-haspopup=\"dialog\"\n\t\t\taria-label=\"Vergr\u00f6ssern\"\n\t\t\tdata-wp-init=\"callbacks.initTriggerButton\"\n\t\t\tdata-wp-on--click=\"actions.showLightbox\"\n\t\t\tdata-wp-style--right=\"state.imageButtonRight\"\n\t\t\tdata-wp-style--top=\"state.imageButtonTop\"\n\t\t>\n\t\t\t<svg xmlns=\"http:\/\/www.w3.org\/2000\/svg\" width=\"12\" height=\"12\" fill=\"none\" viewBox=\"0 0 12 12\">\n\t\t\t\t<path fill=\"#fff\" d=\"M2 0a2 2 0 0 0-2 2v2h1.5V2a.5.5 0 0 1 .5-.5h2V0H2Zm2 10.5H2a.5.5 0 0 1-.5-.5V8H0v2a2 2 0 0 0 2 2h2v-1.5ZM8 12v-1.5h2a.5.5 0 0 0 .5-.5V8H12v2a2 2 0 0 1-2 2H8Zm2-12a2 2 0 0 1 2 2v2h-1.5V2a.5.5 0 0 0-.5-.5H8V0h2Z\" \/>\n\t\t\t<\/svg>\n\t\t<\/button><\/figure>\n<\/figure>\n","protected":false},"excerpt":{"rendered":"<p>Informationen zu den kommenden Anl\u00e4ssen finden Sie hier: Tag des B\u00fcndner Sports Unser Verein zeigt sich auch immer wieder aktiv [&hellip;]<\/p>\n","protected":false},"author":1,"featured_media":0,"parent":0,"menu_order":0,"comment_status":"closed","ping_status":"closed","template":"","meta":{"site-sidebar-layout":"default","site-content-layout":"","ast-site-content-layout":"default","site-content-style":"default","site-sidebar-style":"default","ast-global-header-display":"","ast-banner-title-visibility":"","ast-main-header-display":"","ast-hfb-above-header-display":"","ast-hfb-below-header-display":"","ast-hfb-mobile-header-display":"","site-post-title":"","ast-breadcrumbs-content":"","ast-featured-img":"","footer-sml-layout":"","ast-disable-related-posts":"","theme-transparent-header-meta":"","adv-header-id-meta":"","stick-header-meta":"","header-above-stick-meta":"","header-main-stick-meta":"","header-below-stick-meta":"","astra-migrate-meta-layouts":"default","ast-page-background-enabled":"default","ast-page-background-meta":{"desktop":{"background-color":"var(--ast-global-color-5)","background-image":"","background-repeat":"repeat","background-position":"center center","background-size":"auto","background-attachment":"scroll","background-type":"","background-media":"","overlay-type":"","overlay-color":"","overlay-opacity":"","overlay-gradient":""},"tablet":{"background-color":"","background-image":"","background-repeat":"repeat","background-position":"center center","background-size":"auto","background-attachment":"scroll","background-type":"","background-media":"","overlay-type":"","overlay-color":"","overlay-opacity":"","overlay-gradient":""},"mobile":{"background-color":"","background-image":"","background-repeat":"repeat","background-position":"center center","background-size":"auto","background-attachment":"scroll","background-type":"","background-media":"","overlay-type":"","overlay-color":"","overlay-opacity":"","overlay-gradient":""}},"ast-content-background-meta":{"desktop":{"background-color":"var(--ast-global-color-4)","background-image":"","background-repeat":"repeat","background-position":"center center","background-size":"auto","background-attachment":"scroll","background-type":"","background-media":"","overlay-type":"","overlay-color":"","overlay-opacity":"","overlay-gradient":""},"tablet":{"background-color":"var(--ast-global-color-4)","background-image":"","background-repeat":"repeat","background-position":"center center","background-size":"auto","background-attachment":"scroll","background-type":"","background-media":"","overlay-type":"","overlay-color":"","overlay-opacity":"","overlay-gradient":""},"mobile":{"background-color":"var(--ast-global-color-4)","background-image":"","background-repeat":"repeat","background-position":"center center","background-size":"auto","background-attachment":"scroll","background-type":"","background-media":"","overlay-type":"","overlay-color":"","overlay-opacity":"","overlay-gradient":""}},"footnotes":""},"class_list":["post-80","page","type-page","status-publish","hentry"],"_links":{"self":[{"href":"https:\/\/ehcsils-id.ch\/index.php?rest_route=\/wp\/v2\/pages\/80","targetHints":{"allow":["GET"]}}],"collection":[{"href":"https:\/\/ehcsils-id.ch\/index.php?rest_route=\/wp\/v2\/pages"}],"about":[{"href":"https:\/\/ehcsils-id.ch\/index.php?rest_route=\/wp\/v2\/types\/page"}],"author":[{"embeddable":true,"href":"https:\/\/ehcsils-id.ch\/index.php?rest_route=\/wp\/v2\/users\/1"}],"replies":[{"embeddable":true,"href":"https:\/\/ehcsils-id.ch\/index.php?rest_route=%2Fwp%2Fv2%2Fcomments&post=80"}],"version-history":[{"count":11,"href":"https:\/\/ehcsils-id.ch\/index.php?rest_route=\/wp\/v2\/pages\/80\/revisions"}],"predecessor-version":[{"id":310,"href":"https:\/\/ehcsils-id.ch\/index.php?rest_route=\/wp\/v2\/pages\/80\/revisions\/310"}],"wp:attachment":[{"href":"https:\/\/ehcsils-id.ch\/index.php?rest_route=%2Fwp%2Fv2%2Fmedia&parent=80"}],"curies":[{"name":"wp","href":"https:\/\/api.w.org\/{rel}","templated":true}]}}