{"id":79,"date":"2025-12-14T21:22:04","date_gmt":"2025-12-14T21:22:04","guid":{"rendered":"https:\/\/ehcsils-id.ch\/?page_id=79"},"modified":"2025-12-17T20:17:31","modified_gmt":"2025-12-17T20:17:31","slug":"sponsoring","status":"publish","type":"page","link":"https:\/\/ehcsils-id.ch\/?page_id=79","title":{"rendered":"Sponsoring"},"content":{"rendered":"\n<h2 class=\"wp-block-heading\">Gemeinsam im die Zukunft<\/h2>\n\n\n\n<div class=\"wp-block-media-text has-media-on-the-right is-stacked-on-mobile\"><div class=\"wp-block-media-text__content\">\n<p>Unterst\u00fctzen Sie den EHC Sils i.D. und tragen Sie mit Ihrem wertvollen Beitrag dazu bei, unser Vereinsangebot stetig zu verbessern und weiter auszubauen. Ihr Engagement ist von grosser Bedeutung f\u00fcr unseren Club und hilft uns massgeblich, den Eishockeysport in der Region Viamala langfristig zu f\u00f6rdern und nachhaltig weiterzuentwickeln. Mit Ihrer Unterst\u00fctzung k\u00f6nnen wir unseren &nbsp;Nachwuchs und allen Aktiven optimale Bedingungen bieten und den EHC Sils i.D. in eine erfolgreiche Zukunft f\u00fchren.<\/p>\n\n\n\n<p>Indem Sie auf den nebenstehenden QR-Code klicken, gelangen Sie direkt zu unserem Sponsoringformular, wo Sie ganz unkompliziert Ihren Beitrag leisten k\u00f6nnen. F\u00fcr individuelle Sponsoringpakete, besondere W\u00fcnsche oder bei allgemeinen Fragen und Anregungen stehen wir Ihnen selbstverst\u00e4ndlich gerne zur Verf\u00fcgung. Schreiben Sie uns einfach eine E-Mail, gemeinsam finden wir die passende L\u00f6sung und freuen uns darauf, Sie als Teil unserer EHC-Familie willkommen zu heissen!<\/p>\n<\/div><figure class=\"wp-block-media-text__media\"><a href=\"https:\/\/docs.google.com\/forms\/d\/e\/1FAIpQLSf00kSRyUVjtIaCA6VxjGzF9RFAPOCXZMLZvug99aXlLR_PlA\/viewform\"><img loading=\"lazy\" decoding=\"async\" width=\"1024\" height=\"1024\" src=\"https:\/\/ehcsils-id.ch\/wp-content\/uploads\/2025\/12\/qr-code-sponsoringtalon-gelb-1024x1024.png\" alt=\"\" class=\"wp-image-233 size-full\" srcset=\"https:\/\/ehcsils-id.ch\/wp-content\/uploads\/2025\/12\/qr-code-sponsoringtalon-gelb-1024x1024.png 1024w, https:\/\/ehcsils-id.ch\/wp-content\/uploads\/2025\/12\/qr-code-sponsoringtalon-gelb-300x300.png 300w, https:\/\/ehcsils-id.ch\/wp-content\/uploads\/2025\/12\/qr-code-sponsoringtalon-gelb-150x150.png 150w, https:\/\/ehcsils-id.ch\/wp-content\/uploads\/2025\/12\/qr-code-sponsoringtalon-gelb-768x768.png 768w, https:\/\/ehcsils-id.ch\/wp-content\/uploads\/2025\/12\/qr-code-sponsoringtalon-gelb-1536x1536.png 1536w, https:\/\/ehcsils-id.ch\/wp-content\/uploads\/2025\/12\/qr-code-sponsoringtalon-gelb-2048x2048.png 2048w\" sizes=\"auto, (max-width: 1024px) 100vw, 1024px\" \/><\/a><\/figure><\/div>\n\n\n\n<div class=\"wp-block-group is-layout-constrained wp-block-group-is-layout-constrained\">\n<h2 class=\"wp-block-heading\">HELM- ODER HOSENSPONSORING<\/h2>\n\n\n\n<p>Helme und Hosen der 1. Mannschaft bieten die ideale Werbefl\u00e4che mit grosser Reichweite f\u00fcrIhr Unternehmen. W\u00e4hrend einer oder mehrerer Saisons ziert Ihr Firmenlogo gut sichtbar Helme oder Hosen der 1. Mannschaft im ostschweizer Ligabetrieb. Zudem erscheint Ihr Firmenlogo regelm\u00e4ssig in Social Media Posts. Eine Einladung f\u00fcr Sie und ihre Mitarbeitenden an den traditionellen Ehrenfelscup oder an ein Ligaspiel inklusive. Werbung auf Spielerhelmen oder Hosen\u00fcberz\u00fcgen, im Matchprogramm und auf Social Media, Reichweite Ostschweiz.<\/p>\n<\/div>\n\n\n\n<div class=\"wp-block-group is-layout-constrained wp-block-group-is-layout-constrained\">\n<div class=\"wp-block-media-text is-stacked-on-mobile\"><figure class=\"wp-block-media-text__media\"><img loading=\"lazy\" decoding=\"async\" width=\"1024\" height=\"427\" src=\"https:\/\/ehcsils-id.ch\/wp-content\/uploads\/2025\/12\/Bildschirmfoto-2025-12-17-um-21.02.23-1-1024x427.png\" alt=\"\" class=\"wp-image-261 size-full\" srcset=\"https:\/\/ehcsils-id.ch\/wp-content\/uploads\/2025\/12\/Bildschirmfoto-2025-12-17-um-21.02.23-1-1024x427.png 1024w, https:\/\/ehcsils-id.ch\/wp-content\/uploads\/2025\/12\/Bildschirmfoto-2025-12-17-um-21.02.23-1-300x125.png 300w, https:\/\/ehcsils-id.ch\/wp-content\/uploads\/2025\/12\/Bildschirmfoto-2025-12-17-um-21.02.23-1-768x320.png 768w, https:\/\/ehcsils-id.ch\/wp-content\/uploads\/2025\/12\/Bildschirmfoto-2025-12-17-um-21.02.23-1-1536x640.png 1536w, https:\/\/ehcsils-id.ch\/wp-content\/uploads\/2025\/12\/Bildschirmfoto-2025-12-17-um-21.02.23-1-2048x853.png 2048w\" sizes=\"auto, (max-width: 1024px) 100vw, 1024px\" \/><\/figure><div class=\"wp-block-media-text__content\">\n<p><em>Preis Helmsponsoring CHF 400\/Jahr<\/em><\/p>\n\n\n\n<p><em>Preis Hosensponsoring CHF 1\u2018200\/Jahr<\/em><\/p>\n<\/div><\/div>\n<\/div>\n\n\n\n<div class=\"wp-block-group is-layout-constrained wp-block-group-is-layout-constrained\">\n<h2 class=\"wp-block-heading\">SPIELERSPONSORING<\/h2>\n\n\n\n<p>Als Spielersponsor:in unterst\u00fctzen Sie einen Spieler der 1. Mannschaft nach Ihrer Wahl. Ihr Firmenlogo erscheint in allen Social Media Posts, welche zum jeweiligen Spieler ver\u00f6ffentlicht werden. Werbung auf Social Media und im Matchprogramm als Spielersponsor:in.<\/p>\n\n\n\n<p><em>Preis CHF 200.-\/Spieler<\/em><\/p>\n<\/div>\n\n\n\n<div class=\"wp-block-group is-layout-constrained wp-block-group-is-layout-constrained\">\n<h2 class=\"wp-block-heading\">NACHWUCHSG\u00d6NNER:IN<\/h2>\n\n\n\n<p>Mit einem G\u00f6nnerbeitrag an die Nachwuchsabteilung helfen Sie mit, die Jugendf\u00f6rderung im Bereich Eishockey in der Region Viamala weiterhin und nachhaltig sicherzustellen. Betrag nach Ihrem Ermessen keine Gegenleistung.<\/p>\n<\/div>\n\n\n\n<div class=\"wp-block-group is-layout-constrained wp-block-group-is-layout-constrained\">\n<h2 class=\"wp-block-heading\">MATCHPROGRAMMSPONSORING<\/h2>\n\n\n\n<p>Werden Sie mit Ihrem Unternehmen Sponsor:in in unserem Matchprogramm. Das Programmheft im Format A5 erscheint einmal j\u00e4hrlich anfangs Saison und informiert \u00fcber die Mannschaften, Spielpl\u00e4ne, den Nachwuchsbereich und Rahmenveranstaltungen. Das Programmheft liegt in vielen regionalen Gesch\u00e4ften, Restaurants und Hotels w\u00e4hrend den Wintermonaten auf und bietet Ihnen Sichtbarkeit auf wahlweise einer viertel, einer halben oder einer ganzen Seite. Werbung im Programmheft, regionale Reichweite, Auflage ca. 500 Exemplare.<\/p>\n\n\n\n<p><em>Preise: 1\/1 Seite \u2013 CHF 200<\/em><\/p>\n\n\n\n<p><em>&nbsp; &nbsp; &nbsp; &nbsp; &nbsp; &nbsp; &nbsp;1\/2 Seite \u2013 CHF 150<\/em><\/p>\n\n\n\n<p><em>&nbsp; &nbsp; &nbsp; &nbsp; &nbsp; &nbsp; &nbsp;1\/4 Seite \u2013 CHF 100<\/em><\/p>\n<\/div>\n\n\n\n<h2 class=\"wp-block-heading has-text-align-center\">Matchprogram 25\/26<\/h2>\n\n\n\n<div data-wp-interactive=\"core\/file\" class=\"wp-block-file\"><object data-wp-bind--hidden=\"!state.hasPdfPreview\" hidden class=\"wp-block-file__embed\" data=\"https:\/\/ehcsils-id.ch\/wp-content\/uploads\/2025\/12\/EHC-Sils-i.D.-Matchprogramm-2025-2026-low.pdf\" type=\"application\/pdf\" style=\"width:100%;height:600px\" aria-label=\"Einbettung von EHC Sils i.D. Matchprogramm 2025-2026 low.\"><\/object><a id=\"wp-block-file--media-f34397c7-a625-4944-9a8e-416a64f30020\" href=\"https:\/\/ehcsils-id.ch\/wp-content\/uploads\/2025\/12\/EHC-Sils-i.D.-Matchprogramm-2025-2026-low.pdf\">EHC Sils i.D. Matchprogramm 2025-2026 low<\/a><a href=\"https:\/\/ehcsils-id.ch\/wp-content\/uploads\/2025\/12\/EHC-Sils-i.D.-Matchprogramm-2025-2026-low.pdf\" class=\"wp-block-file__button wp-element-button\" download aria-describedby=\"wp-block-file--media-f34397c7-a625-4944-9a8e-416a64f30020\">Herunterladen<\/a><\/div>\n","protected":false},"excerpt":{"rendered":"<p>Gemeinsam im die Zukunft Unterst\u00fctzen Sie den EHC Sils i.D. und tragen Sie mit Ihrem wertvollen Beitrag dazu bei, unser [&hellip;]<\/p>\n","protected":false},"author":1,"featured_media":0,"parent":0,"menu_order":0,"comment_status":"closed","ping_status":"closed","template":"","meta":{"site-sidebar-layout":"default","site-content-layout":"","ast-site-content-layout":"default","site-content-style":"default","site-sidebar-style":"default","ast-global-header-display":"","ast-banner-title-visibility":"","ast-main-header-display":"","ast-hfb-above-header-display":"","ast-hfb-below-header-display":"","ast-hfb-mobile-header-display":"","site-post-title":"","ast-breadcrumbs-content":"","ast-featured-img":"","footer-sml-layout":"","ast-disable-related-posts":"","theme-transparent-header-meta":"","adv-header-id-meta":"","stick-header-meta":"","header-above-stick-meta":"","header-main-stick-meta":"","header-below-stick-meta":"","astra-migrate-meta-layouts":"default","ast-page-background-enabled":"default","ast-page-background-meta":{"desktop":{"background-color":"var(--ast-global-color-5)","background-image":"","background-repeat":"repeat","background-position":"center center","background-size":"auto","background-attachment":"scroll","background-type":"","background-media":"","overlay-type":"","overlay-color":"","overlay-opacity":"","overlay-gradient":""},"tablet":{"background-color":"","background-image":"","background-repeat":"repeat","background-position":"center center","background-size":"auto","background-attachment":"scroll","background-type":"","background-media":"","overlay-type":"","overlay-color":"","overlay-opacity":"","overlay-gradient":""},"mobile":{"background-color":"","background-image":"","background-repeat":"repeat","background-position":"center center","background-size":"auto","background-attachment":"scroll","background-type":"","background-media":"","overlay-type":"","overlay-color":"","overlay-opacity":"","overlay-gradient":""}},"ast-content-background-meta":{"desktop":{"background-color":"var(--ast-global-color-4)","background-image":"","background-repeat":"repeat","background-position":"center center","background-size":"auto","background-attachment":"scroll","background-type":"","background-media":"","overlay-type":"","overlay-color":"","overlay-opacity":"","overlay-gradient":""},"tablet":{"background-color":"var(--ast-global-color-4)","background-image":"","background-repeat":"repeat","background-position":"center center","background-size":"auto","background-attachment":"scroll","background-type":"","background-media":"","overlay-type":"","overlay-color":"","overlay-opacity":"","overlay-gradient":""},"mobile":{"background-color":"var(--ast-global-color-4)","background-image":"","background-repeat":"repeat","background-position":"center center","background-size":"auto","background-attachment":"scroll","background-type":"","background-media":"","overlay-type":"","overlay-color":"","overlay-opacity":"","overlay-gradient":""}},"footnotes":""},"class_list":["post-79","page","type-page","status-publish","hentry"],"_links":{"self":[{"href":"https:\/\/ehcsils-id.ch\/index.php?rest_route=\/wp\/v2\/pages\/79","targetHints":{"allow":["GET"]}}],"collection":[{"href":"https:\/\/ehcsils-id.ch\/index.php?rest_route=\/wp\/v2\/pages"}],"about":[{"href":"https:\/\/ehcsils-id.ch\/index.php?rest_route=\/wp\/v2\/types\/page"}],"author":[{"embeddable":true,"href":"https:\/\/ehcsils-id.ch\/index.php?rest_route=\/wp\/v2\/users\/1"}],"replies":[{"embeddable":true,"href":"https:\/\/ehcsils-id.ch\/index.php?rest_route=%2Fwp%2Fv2%2Fcomments&post=79"}],"version-history":[{"count":5,"href":"https:\/\/ehcsils-id.ch\/index.php?rest_route=\/wp\/v2\/pages\/79\/revisions"}],"predecessor-version":[{"id":262,"href":"https:\/\/ehcsils-id.ch\/index.php?rest_route=\/wp\/v2\/pages\/79\/revisions\/262"}],"wp:attachment":[{"href":"https:\/\/ehcsils-id.ch\/index.php?rest_route=%2Fwp%2Fv2%2Fmedia&parent=79"}],"curies":[{"name":"wp","href":"https:\/\/api.w.org\/{rel}","templated":true}]}}