{"id":78,"date":"2025-12-14T21:22:04","date_gmt":"2025-12-14T21:22:04","guid":{"rendered":"https:\/\/ehcsils-id.ch\/?page_id=78"},"modified":"2026-02-17T22:44:15","modified_gmt":"2026-02-17T22:44:15","slug":"nachwuchs","status":"publish","type":"page","link":"https:\/\/ehcsils-id.ch\/?page_id=78","title":{"rendered":"Nachwuchs"},"content":{"rendered":"\n<p>Wenn ihr Kind den Eishockeysport kennenlernen m\u00f6chte, kann es w\u00e4hrend den Wintermonaten grunds\u00e4tzlich jederzeit ein Schnuppertraining besuchen oder zum Saisonbeginn im Oktober direkt dem Team beitreten.<\/p>\n\n\n\n<figure class=\"wp-block-image size-large is-resized\"><img loading=\"lazy\" decoding=\"async\" width=\"1024\" height=\"682\" src=\"https:\/\/ehcsils-id.ch\/wp-content\/uploads\/2025\/12\/Startbild-1024x682.jpg\" alt=\"\" class=\"wp-image-113\" style=\"aspect-ratio:1.5014997178748553;width:710px;height:auto\" srcset=\"https:\/\/ehcsils-id.ch\/wp-content\/uploads\/2025\/12\/Startbild-1024x682.jpg 1024w, https:\/\/ehcsils-id.ch\/wp-content\/uploads\/2025\/12\/Startbild-300x200.jpg 300w, https:\/\/ehcsils-id.ch\/wp-content\/uploads\/2025\/12\/Startbild-768x512.jpg 768w, https:\/\/ehcsils-id.ch\/wp-content\/uploads\/2025\/12\/Startbild.jpg 1516w\" sizes=\"auto, (max-width: 1024px) 100vw, 1024px\" \/><\/figure>\n\n\n\n<p>Der ideale Ausbildungsweg w\u00e4re, dass ihr Kind ab 3 Jahren die GKB Hockeyschule besucht, bis es 8 wird und anschliessend das Training in der Juniorenstufe fortsetzt.<\/p>\n\n\n\n<p>Ambitionierten Kindern (und fahrwilligen Eltern) steht der Wechsel zur U9 des EHC Lenzerheide-Valbella offen, mit welchem eine langj\u00e4hrige Zusammenarbeit besteht und wo ihr Kind professionell gef\u00f6rdert wird. Die U9 des EHC Lenzerheide-Valbella absolviert in der Regel zwei Eistrainings pro Woche im Sportzentrum Lenzerheide und nimmt an einer Juniorenmeisterschaft und an mehreren Tagesturnieren teil.<\/p>\n\n\n\n<p>Als Alternative oder Erg\u00e4nzug dazu, bietet der EHC Sils i.D. neu ab der Saison 2025\/2026 wieder eine eigene Nachwuchsabteilung, wo Kinder den Eishockeysport weiterhin in der Region und mit geringerem Aufwand aus\u00fcben k\u00f6nnen. Die U12 richtet sich an Kinder zwischen 8 und 12 Jahren, w\u00e4hrend die U17 die Altersspanne von 12 bis 17 abdeckt. Von November bis M\u00e4rz wird einmal w\u00f6chentlich, am Mittwochabend, ein 75-Min\u00fctiges Training auf der neuen Kunsteisbahn in Sils i.D. angeboten und pro Saison werden 3-4 Tagesturniere organisiert. Die Trainings werden vom Juniorenobmann geleitet und unterst\u00fctzt durch einen Pool von ehrenamtlichen Spielern aus der Ersten und aus der Plauschmannschaft. Die Freude am Sport und am sportlichen Wettkampf und der Zusammenhalt im Team stehen im Nachwuchsbereich des EHC Sils i.D. im Vordergrund. Nat\u00fcrlich k\u00f6nnen auch Kinder die U12 oder die U17 besuchen, welche nicht die GKB Hockeyschule absolviert haben.<\/p>\n\n\n\n<p>Ab 17 Jahren kann den Aktivmanschaften, Plausch-\/ 1.Mannschaft beigetreten werden. Das Training der 1.Mannschaft beginnt bereits im August und die Meisterschaft im Oktober welche bis Ende Februar im folge Jahr l\u00e4uft.<\/p>\n\n\n\n<div class=\"wp-block-columns is-layout-flex wp-container-core-columns-is-layout-28f84493 wp-block-columns-is-layout-flex\">\n<div class=\"wp-block-column is-layout-flow wp-block-column-is-layout-flow\">\n<figure data-wp-context=\"{&quot;imageId&quot;:&quot;69d0eb9f24c45&quot;}\" data-wp-interactive=\"core\/image\" data-wp-key=\"69d0eb9f24c45\" class=\"wp-block-image size-full wp-lightbox-container\"><img loading=\"lazy\" decoding=\"async\" width=\"1394\" height=\"1964\" data-wp-class--hide=\"state.isContentHidden\" data-wp-class--show=\"state.isContentVisible\" data-wp-init=\"callbacks.setButtonStyles\" data-wp-on--click=\"actions.showLightbox\" data-wp-on--load=\"callbacks.setButtonStyles\" data-wp-on-window--resize=\"callbacks.setButtonStyles\" src=\"https:\/\/ehcsils-id.ch\/wp-content\/uploads\/2025\/12\/Bildschirmfoto-2025-12-16-um-00.20.09.png\" alt=\"\" class=\"wp-image-199\" srcset=\"https:\/\/ehcsils-id.ch\/wp-content\/uploads\/2025\/12\/Bildschirmfoto-2025-12-16-um-00.20.09.png 1394w, https:\/\/ehcsils-id.ch\/wp-content\/uploads\/2025\/12\/Bildschirmfoto-2025-12-16-um-00.20.09-213x300.png 213w, https:\/\/ehcsils-id.ch\/wp-content\/uploads\/2025\/12\/Bildschirmfoto-2025-12-16-um-00.20.09-727x1024.png 727w, https:\/\/ehcsils-id.ch\/wp-content\/uploads\/2025\/12\/Bildschirmfoto-2025-12-16-um-00.20.09-768x1082.png 768w, https:\/\/ehcsils-id.ch\/wp-content\/uploads\/2025\/12\/Bildschirmfoto-2025-12-16-um-00.20.09-1090x1536.png 1090w\" sizes=\"auto, (max-width: 1394px) 100vw, 1394px\" \/><button\n\t\t\tclass=\"lightbox-trigger\"\n\t\t\ttype=\"button\"\n\t\t\taria-haspopup=\"dialog\"\n\t\t\taria-label=\"Vergr\u00f6ssern\"\n\t\t\tdata-wp-init=\"callbacks.initTriggerButton\"\n\t\t\tdata-wp-on--click=\"actions.showLightbox\"\n\t\t\tdata-wp-style--right=\"state.imageButtonRight\"\n\t\t\tdata-wp-style--top=\"state.imageButtonTop\"\n\t\t>\n\t\t\t<svg xmlns=\"http:\/\/www.w3.org\/2000\/svg\" width=\"12\" height=\"12\" fill=\"none\" viewBox=\"0 0 12 12\">\n\t\t\t\t<path fill=\"#fff\" d=\"M2 0a2 2 0 0 0-2 2v2h1.5V2a.5.5 0 0 1 .5-.5h2V0H2Zm2 10.5H2a.5.5 0 0 1-.5-.5V8H0v2a2 2 0 0 0 2 2h2v-1.5ZM8 12v-1.5h2a.5.5 0 0 0 .5-.5V8H12v2a2 2 0 0 1-2 2H8Zm2-12a2 2 0 0 1 2 2v2h-1.5V2a.5.5 0 0 0-.5-.5H8V0h2Z\" \/>\n\t\t\t<\/svg>\n\t\t<\/button><\/figure>\n<\/div>\n\n\n\n<div class=\"wp-block-column is-layout-flow wp-block-column-is-layout-flow\">\n<figure data-wp-context=\"{&quot;imageId&quot;:&quot;69d0eb9f25316&quot;}\" data-wp-interactive=\"core\/image\" data-wp-key=\"69d0eb9f25316\" class=\"wp-block-image size-full wp-lightbox-container\"><img loading=\"lazy\" decoding=\"async\" width=\"1396\" height=\"1976\" data-wp-class--hide=\"state.isContentHidden\" data-wp-class--show=\"state.isContentVisible\" data-wp-init=\"callbacks.setButtonStyles\" data-wp-on--click=\"actions.showLightbox\" data-wp-on--load=\"callbacks.setButtonStyles\" data-wp-on-window--resize=\"callbacks.setButtonStyles\" src=\"https:\/\/ehcsils-id.ch\/wp-content\/uploads\/2025\/12\/Bildschirmfoto-2025-12-16-um-00.19.32.png\" alt=\"\" class=\"wp-image-200\" srcset=\"https:\/\/ehcsils-id.ch\/wp-content\/uploads\/2025\/12\/Bildschirmfoto-2025-12-16-um-00.19.32.png 1396w, https:\/\/ehcsils-id.ch\/wp-content\/uploads\/2025\/12\/Bildschirmfoto-2025-12-16-um-00.19.32-212x300.png 212w, https:\/\/ehcsils-id.ch\/wp-content\/uploads\/2025\/12\/Bildschirmfoto-2025-12-16-um-00.19.32-723x1024.png 723w, https:\/\/ehcsils-id.ch\/wp-content\/uploads\/2025\/12\/Bildschirmfoto-2025-12-16-um-00.19.32-768x1087.png 768w, https:\/\/ehcsils-id.ch\/wp-content\/uploads\/2025\/12\/Bildschirmfoto-2025-12-16-um-00.19.32-1085x1536.png 1085w\" sizes=\"auto, (max-width: 1396px) 100vw, 1396px\" \/><button\n\t\t\tclass=\"lightbox-trigger\"\n\t\t\ttype=\"button\"\n\t\t\taria-haspopup=\"dialog\"\n\t\t\taria-label=\"Vergr\u00f6ssern\"\n\t\t\tdata-wp-init=\"callbacks.initTriggerButton\"\n\t\t\tdata-wp-on--click=\"actions.showLightbox\"\n\t\t\tdata-wp-style--right=\"state.imageButtonRight\"\n\t\t\tdata-wp-style--top=\"state.imageButtonTop\"\n\t\t>\n\t\t\t<svg xmlns=\"http:\/\/www.w3.org\/2000\/svg\" width=\"12\" height=\"12\" fill=\"none\" viewBox=\"0 0 12 12\">\n\t\t\t\t<path fill=\"#fff\" d=\"M2 0a2 2 0 0 0-2 2v2h1.5V2a.5.5 0 0 1 .5-.5h2V0H2Zm2 10.5H2a.5.5 0 0 1-.5-.5V8H0v2a2 2 0 0 0 2 2h2v-1.5ZM8 12v-1.5h2a.5.5 0 0 0 .5-.5V8H12v2a2 2 0 0 1-2 2H8Zm2-12a2 2 0 0 1 2 2v2h-1.5V2a.5.5 0 0 0-.5-.5H8V0h2Z\" \/>\n\t\t\t<\/svg>\n\t\t<\/button><\/figure>\n<\/div>\n\n\n\n<div class=\"wp-block-column is-layout-flow wp-block-column-is-layout-flow\">\n<figure data-wp-context=\"{&quot;imageId&quot;:&quot;69d0eb9f25984&quot;}\" data-wp-interactive=\"core\/image\" data-wp-key=\"69d0eb9f25984\" class=\"wp-block-image size-full wp-lightbox-container\"><img loading=\"lazy\" decoding=\"async\" width=\"1394\" height=\"1970\" data-wp-class--hide=\"state.isContentHidden\" data-wp-class--show=\"state.isContentVisible\" data-wp-init=\"callbacks.setButtonStyles\" data-wp-on--click=\"actions.showLightbox\" data-wp-on--load=\"callbacks.setButtonStyles\" data-wp-on-window--resize=\"callbacks.setButtonStyles\" src=\"https:\/\/ehcsils-id.ch\/wp-content\/uploads\/2025\/12\/Bildschirmfoto-2025-12-16-um-00.19.55.png\" alt=\"\" class=\"wp-image-201\" srcset=\"https:\/\/ehcsils-id.ch\/wp-content\/uploads\/2025\/12\/Bildschirmfoto-2025-12-16-um-00.19.55.png 1394w, https:\/\/ehcsils-id.ch\/wp-content\/uploads\/2025\/12\/Bildschirmfoto-2025-12-16-um-00.19.55-212x300.png 212w, https:\/\/ehcsils-id.ch\/wp-content\/uploads\/2025\/12\/Bildschirmfoto-2025-12-16-um-00.19.55-725x1024.png 725w, https:\/\/ehcsils-id.ch\/wp-content\/uploads\/2025\/12\/Bildschirmfoto-2025-12-16-um-00.19.55-768x1085.png 768w, https:\/\/ehcsils-id.ch\/wp-content\/uploads\/2025\/12\/Bildschirmfoto-2025-12-16-um-00.19.55-1087x1536.png 1087w\" sizes=\"auto, (max-width: 1394px) 100vw, 1394px\" \/><button\n\t\t\tclass=\"lightbox-trigger\"\n\t\t\ttype=\"button\"\n\t\t\taria-haspopup=\"dialog\"\n\t\t\taria-label=\"Vergr\u00f6ssern\"\n\t\t\tdata-wp-init=\"callbacks.initTriggerButton\"\n\t\t\tdata-wp-on--click=\"actions.showLightbox\"\n\t\t\tdata-wp-style--right=\"state.imageButtonRight\"\n\t\t\tdata-wp-style--top=\"state.imageButtonTop\"\n\t\t>\n\t\t\t<svg xmlns=\"http:\/\/www.w3.org\/2000\/svg\" width=\"12\" height=\"12\" fill=\"none\" viewBox=\"0 0 12 12\">\n\t\t\t\t<path fill=\"#fff\" d=\"M2 0a2 2 0 0 0-2 2v2h1.5V2a.5.5 0 0 1 .5-.5h2V0H2Zm2 10.5H2a.5.5 0 0 1-.5-.5V8H0v2a2 2 0 0 0 2 2h2v-1.5ZM8 12v-1.5h2a.5.5 0 0 0 .5-.5V8H12v2a2 2 0 0 1-2 2H8Zm2-12a2 2 0 0 1 2 2v2h-1.5V2a.5.5 0 0 0-.5-.5H8V0h2Z\" \/>\n\t\t\t<\/svg>\n\t\t<\/button><\/figure>\n<\/div>\n<\/div>\n\n\n\n<h2 class=\"wp-block-heading\">Ratgeber<\/h2>\n\n\n\n<p>Eishockey f\u00fcr Kinder: Infos zu Ausr\u00fcstung und Training<\/p>\n\n\n\n<div class=\"wp-block-buttons is-layout-flex wp-block-buttons-is-layout-flex\">\n<div class=\"wp-block-button is-style-fill\"><a class=\"wp-block-button__link wp-element-button\" href=\"https:\/\/www.c-and-a.com\/ch\/de\/shop\/eishockey-als-hobby-fuer-kinder\">Mehr dazu hier!<\/a><\/div>\n<\/div>\n\n\n\n<h2 class=\"wp-block-heading\">Wie muss ich vorgehen?<\/h2>\n\n\n\n<p>Klicken Sie auf den unterstehenden Link um zur Anmeldung f\u00fcr die Hockeyschule zu gelangen.<\/p>\n\n\n\n<p>Bitte f\u00fcllen Sie alle aufgef\u00fchrten Felder aus, bei Fragen oder Unklarheiten finden Sie die Kontaktdaten der jeweilig zust\u00e4ndigen Person.<\/p>\n\n\n\n<div class=\"wp-block-buttons is-layout-flex wp-block-buttons-is-layout-flex\">\n<div class=\"wp-block-button\"><a class=\"wp-block-button__link wp-element-button\" href=\"https:\/\/www.grhockey.ch\/gkb-hockeyschule\/ehc-sils\/\"><strong>Anmeldung GKB Hockeyschule EHC Sils i.D<\/strong><\/a><\/div>\n<\/div>\n\n\n\n<h2 class=\"wp-block-heading\">Galerie<\/h2>\n\n\n\n<figure class=\"wp-block-gallery has-nested-images columns-default is-cropped wp-block-gallery-1 is-layout-flex wp-block-gallery-is-layout-flex\">\n<figure data-wp-context=\"{&quot;imageId&quot;:&quot;69d0eb9f26875&quot;}\" data-wp-interactive=\"core\/image\" data-wp-key=\"69d0eb9f26875\" class=\"wp-block-image size-large wp-lightbox-container\"><img loading=\"lazy\" decoding=\"async\" width=\"1024\" height=\"768\" data-wp-class--hide=\"state.isContentHidden\" data-wp-class--show=\"state.isContentVisible\" data-wp-init=\"callbacks.setButtonStyles\" data-wp-on--click=\"actions.showLightbox\" data-wp-on--load=\"callbacks.setButtonStyles\" data-wp-on-window--resize=\"callbacks.setButtonStyles\" data-id=\"227\" src=\"https:\/\/ehcsils-id.ch\/wp-content\/uploads\/2025\/12\/WhatsApp-Image-2025-12-17-at-00.38.04-1024x768.jpeg\" alt=\"\" class=\"wp-image-227\" srcset=\"https:\/\/ehcsils-id.ch\/wp-content\/uploads\/2025\/12\/WhatsApp-Image-2025-12-17-at-00.38.04-1024x768.jpeg 1024w, https:\/\/ehcsils-id.ch\/wp-content\/uploads\/2025\/12\/WhatsApp-Image-2025-12-17-at-00.38.04-300x225.jpeg 300w, https:\/\/ehcsils-id.ch\/wp-content\/uploads\/2025\/12\/WhatsApp-Image-2025-12-17-at-00.38.04-768x576.jpeg 768w, https:\/\/ehcsils-id.ch\/wp-content\/uploads\/2025\/12\/WhatsApp-Image-2025-12-17-at-00.38.04-1536x1152.jpeg 1536w, https:\/\/ehcsils-id.ch\/wp-content\/uploads\/2025\/12\/WhatsApp-Image-2025-12-17-at-00.38.04.jpeg 1600w\" sizes=\"auto, (max-width: 1024px) 100vw, 1024px\" \/><button\n\t\t\tclass=\"lightbox-trigger\"\n\t\t\ttype=\"button\"\n\t\t\taria-haspopup=\"dialog\"\n\t\t\taria-label=\"Vergr\u00f6ssern\"\n\t\t\tdata-wp-init=\"callbacks.initTriggerButton\"\n\t\t\tdata-wp-on--click=\"actions.showLightbox\"\n\t\t\tdata-wp-style--right=\"state.imageButtonRight\"\n\t\t\tdata-wp-style--top=\"state.imageButtonTop\"\n\t\t>\n\t\t\t<svg xmlns=\"http:\/\/www.w3.org\/2000\/svg\" width=\"12\" height=\"12\" fill=\"none\" viewBox=\"0 0 12 12\">\n\t\t\t\t<path fill=\"#fff\" d=\"M2 0a2 2 0 0 0-2 2v2h1.5V2a.5.5 0 0 1 .5-.5h2V0H2Zm2 10.5H2a.5.5 0 0 1-.5-.5V8H0v2a2 2 0 0 0 2 2h2v-1.5ZM8 12v-1.5h2a.5.5 0 0 0 .5-.5V8H12v2a2 2 0 0 1-2 2H8Zm2-12a2 2 0 0 1 2 2v2h-1.5V2a.5.5 0 0 0-.5-.5H8V0h2Z\" \/>\n\t\t\t<\/svg>\n\t\t<\/button><\/figure>\n\n\n\n<figure data-wp-context=\"{&quot;imageId&quot;:&quot;69d0eb9f26df7&quot;}\" data-wp-interactive=\"core\/image\" data-wp-key=\"69d0eb9f26df7\" class=\"wp-block-image size-full wp-lightbox-container\"><img loading=\"lazy\" decoding=\"async\" width=\"908\" height=\"510\" data-wp-class--hide=\"state.isContentHidden\" data-wp-class--show=\"state.isContentVisible\" data-wp-init=\"callbacks.setButtonStyles\" data-wp-on--click=\"actions.showLightbox\" data-wp-on--load=\"callbacks.setButtonStyles\" data-wp-on-window--resize=\"callbacks.setButtonStyles\" data-id=\"157\" src=\"https:\/\/ehcsils-id.ch\/wp-content\/uploads\/2025\/12\/Unbenannt-1.jpg2_-1.jpg\" alt=\"\" class=\"wp-image-157\" srcset=\"https:\/\/ehcsils-id.ch\/wp-content\/uploads\/2025\/12\/Unbenannt-1.jpg2_-1.jpg 908w, https:\/\/ehcsils-id.ch\/wp-content\/uploads\/2025\/12\/Unbenannt-1.jpg2_-1-300x169.jpg 300w, https:\/\/ehcsils-id.ch\/wp-content\/uploads\/2025\/12\/Unbenannt-1.jpg2_-1-768x431.jpg 768w\" sizes=\"auto, (max-width: 908px) 100vw, 908px\" \/><button\n\t\t\tclass=\"lightbox-trigger\"\n\t\t\ttype=\"button\"\n\t\t\taria-haspopup=\"dialog\"\n\t\t\taria-label=\"Vergr\u00f6ssern\"\n\t\t\tdata-wp-init=\"callbacks.initTriggerButton\"\n\t\t\tdata-wp-on--click=\"actions.showLightbox\"\n\t\t\tdata-wp-style--right=\"state.imageButtonRight\"\n\t\t\tdata-wp-style--top=\"state.imageButtonTop\"\n\t\t>\n\t\t\t<svg xmlns=\"http:\/\/www.w3.org\/2000\/svg\" width=\"12\" height=\"12\" fill=\"none\" viewBox=\"0 0 12 12\">\n\t\t\t\t<path fill=\"#fff\" d=\"M2 0a2 2 0 0 0-2 2v2h1.5V2a.5.5 0 0 1 .5-.5h2V0H2Zm2 10.5H2a.5.5 0 0 1-.5-.5V8H0v2a2 2 0 0 0 2 2h2v-1.5ZM8 12v-1.5h2a.5.5 0 0 0 .5-.5V8H12v2a2 2 0 0 1-2 2H8Zm2-12a2 2 0 0 1 2 2v2h-1.5V2a.5.5 0 0 0-.5-.5H8V0h2Z\" \/>\n\t\t\t<\/svg>\n\t\t<\/button><\/figure>\n\n\n\n<figure data-wp-context=\"{&quot;imageId&quot;:&quot;69d0eb9f27386&quot;}\" data-wp-interactive=\"core\/image\" data-wp-key=\"69d0eb9f27386\" class=\"wp-block-image size-large wp-lightbox-container\"><img loading=\"lazy\" decoding=\"async\" width=\"1869\" height=\"1051\" data-wp-class--hide=\"state.isContentHidden\" data-wp-class--show=\"state.isContentVisible\" data-wp-init=\"callbacks.setButtonStyles\" data-wp-on--click=\"actions.showLightbox\" data-wp-on--load=\"callbacks.setButtonStyles\" data-wp-on-window--resize=\"callbacks.setButtonStyles\" data-id=\"231\" src=\"https:\/\/ehcsils-id.ch\/wp-content\/uploads\/2025\/12\/WhatsApp-Image-2025-12-07-at-12.46.18-edited.jpeg\" alt=\"\" class=\"wp-image-231\" srcset=\"https:\/\/ehcsils-id.ch\/wp-content\/uploads\/2025\/12\/WhatsApp-Image-2025-12-07-at-12.46.18-edited.jpeg 1869w, https:\/\/ehcsils-id.ch\/wp-content\/uploads\/2025\/12\/WhatsApp-Image-2025-12-07-at-12.46.18-edited-300x169.jpeg 300w, https:\/\/ehcsils-id.ch\/wp-content\/uploads\/2025\/12\/WhatsApp-Image-2025-12-07-at-12.46.18-edited-1024x576.jpeg 1024w, https:\/\/ehcsils-id.ch\/wp-content\/uploads\/2025\/12\/WhatsApp-Image-2025-12-07-at-12.46.18-edited-768x432.jpeg 768w, https:\/\/ehcsils-id.ch\/wp-content\/uploads\/2025\/12\/WhatsApp-Image-2025-12-07-at-12.46.18-edited-1536x864.jpeg 1536w\" sizes=\"auto, (max-width: 1869px) 100vw, 1869px\" \/><button\n\t\t\tclass=\"lightbox-trigger\"\n\t\t\ttype=\"button\"\n\t\t\taria-haspopup=\"dialog\"\n\t\t\taria-label=\"Vergr\u00f6ssern\"\n\t\t\tdata-wp-init=\"callbacks.initTriggerButton\"\n\t\t\tdata-wp-on--click=\"actions.showLightbox\"\n\t\t\tdata-wp-style--right=\"state.imageButtonRight\"\n\t\t\tdata-wp-style--top=\"state.imageButtonTop\"\n\t\t>\n\t\t\t<svg xmlns=\"http:\/\/www.w3.org\/2000\/svg\" width=\"12\" height=\"12\" fill=\"none\" viewBox=\"0 0 12 12\">\n\t\t\t\t<path fill=\"#fff\" d=\"M2 0a2 2 0 0 0-2 2v2h1.5V2a.5.5 0 0 1 .5-.5h2V0H2Zm2 10.5H2a.5.5 0 0 1-.5-.5V8H0v2a2 2 0 0 0 2 2h2v-1.5ZM8 12v-1.5h2a.5.5 0 0 0 .5-.5V8H12v2a2 2 0 0 1-2 2H8Zm2-12a2 2 0 0 1 2 2v2h-1.5V2a.5.5 0 0 0-.5-.5H8V0h2Z\" \/>\n\t\t\t<\/svg>\n\t\t<\/button><\/figure>\n<\/figure>\n\n\n\n<figure class=\"wp-block-gallery has-nested-images columns-default is-cropped wp-block-gallery-2 is-layout-flex wp-block-gallery-is-layout-flex\">\n<figure class=\"wp-block-image size-large\"><a href=\"https:\/\/ehcsils-id.ch\/wp-content\/uploads\/2026\/02\/GKB_HS26_BestOf_140-scaled.jpg\"><img loading=\"lazy\" decoding=\"async\" width=\"1024\" height=\"683\" data-id=\"292\" src=\"https:\/\/ehcsils-id.ch\/wp-content\/uploads\/2026\/02\/GKB_HS26_BestOf_140-1024x683.jpg\" alt=\"\" class=\"wp-image-292\" srcset=\"https:\/\/ehcsils-id.ch\/wp-content\/uploads\/2026\/02\/GKB_HS26_BestOf_140-1024x683.jpg 1024w, https:\/\/ehcsils-id.ch\/wp-content\/uploads\/2026\/02\/GKB_HS26_BestOf_140-300x200.jpg 300w, https:\/\/ehcsils-id.ch\/wp-content\/uploads\/2026\/02\/GKB_HS26_BestOf_140-768x512.jpg 768w, https:\/\/ehcsils-id.ch\/wp-content\/uploads\/2026\/02\/GKB_HS26_BestOf_140-1536x1024.jpg 1536w, https:\/\/ehcsils-id.ch\/wp-content\/uploads\/2026\/02\/GKB_HS26_BestOf_140-2048x1366.jpg 2048w\" sizes=\"auto, (max-width: 1024px) 100vw, 1024px\" \/><\/a><\/figure>\n\n\n\n<figure class=\"wp-block-image size-large\"><a href=\"https:\/\/ehcsils-id.ch\/wp-content\/uploads\/2026\/02\/GKB_HS26_Ceremony_141-scaled.jpg\"><img loading=\"lazy\" decoding=\"async\" width=\"683\" height=\"1024\" data-id=\"295\" src=\"https:\/\/ehcsils-id.ch\/wp-content\/uploads\/2026\/02\/GKB_HS26_Ceremony_141-683x1024.jpg\" alt=\"\" class=\"wp-image-295\" srcset=\"https:\/\/ehcsils-id.ch\/wp-content\/uploads\/2026\/02\/GKB_HS26_Ceremony_141-683x1024.jpg 683w, https:\/\/ehcsils-id.ch\/wp-content\/uploads\/2026\/02\/GKB_HS26_Ceremony_141-200x300.jpg 200w, https:\/\/ehcsils-id.ch\/wp-content\/uploads\/2026\/02\/GKB_HS26_Ceremony_141-768x1152.jpg 768w, https:\/\/ehcsils-id.ch\/wp-content\/uploads\/2026\/02\/GKB_HS26_Ceremony_141-1024x1536.jpg 1024w, https:\/\/ehcsils-id.ch\/wp-content\/uploads\/2026\/02\/GKB_HS26_Ceremony_141-1365x2048.jpg 1365w, https:\/\/ehcsils-id.ch\/wp-content\/uploads\/2026\/02\/GKB_HS26_Ceremony_141-scaled.jpg 1707w\" sizes=\"auto, (max-width: 683px) 100vw, 683px\" \/><\/a><\/figure>\n\n\n\n<figure class=\"wp-block-image size-large\"><a href=\"https:\/\/ehcsils-id.ch\/wp-content\/uploads\/2026\/02\/GKB_HS26_Games_594-scaled.jpg\"><img loading=\"lazy\" decoding=\"async\" width=\"1024\" height=\"683\" data-id=\"294\" src=\"https:\/\/ehcsils-id.ch\/wp-content\/uploads\/2026\/02\/GKB_HS26_Games_594-1024x683.jpg\" alt=\"\" class=\"wp-image-294\" srcset=\"https:\/\/ehcsils-id.ch\/wp-content\/uploads\/2026\/02\/GKB_HS26_Games_594-1024x683.jpg 1024w, https:\/\/ehcsils-id.ch\/wp-content\/uploads\/2026\/02\/GKB_HS26_Games_594-300x200.jpg 300w, https:\/\/ehcsils-id.ch\/wp-content\/uploads\/2026\/02\/GKB_HS26_Games_594-768x512.jpg 768w, https:\/\/ehcsils-id.ch\/wp-content\/uploads\/2026\/02\/GKB_HS26_Games_594-1536x1024.jpg 1536w, https:\/\/ehcsils-id.ch\/wp-content\/uploads\/2026\/02\/GKB_HS26_Games_594-2048x1366.jpg 2048w\" sizes=\"auto, (max-width: 1024px) 100vw, 1024px\" \/><\/a><\/figure>\n\n\n\n<figure class=\"wp-block-image size-large\"><a href=\"https:\/\/ehcsils-id.ch\/wp-content\/uploads\/2026\/02\/GKB_HS26_Games_605-scaled.jpg\"><img loading=\"lazy\" decoding=\"async\" width=\"1024\" height=\"683\" data-id=\"293\" src=\"https:\/\/ehcsils-id.ch\/wp-content\/uploads\/2026\/02\/GKB_HS26_Games_605-1024x683.jpg\" alt=\"\" class=\"wp-image-293\" srcset=\"https:\/\/ehcsils-id.ch\/wp-content\/uploads\/2026\/02\/GKB_HS26_Games_605-1024x683.jpg 1024w, https:\/\/ehcsils-id.ch\/wp-content\/uploads\/2026\/02\/GKB_HS26_Games_605-300x200.jpg 300w, https:\/\/ehcsils-id.ch\/wp-content\/uploads\/2026\/02\/GKB_HS26_Games_605-768x512.jpg 768w, https:\/\/ehcsils-id.ch\/wp-content\/uploads\/2026\/02\/GKB_HS26_Games_605-1536x1024.jpg 1536w, https:\/\/ehcsils-id.ch\/wp-content\/uploads\/2026\/02\/GKB_HS26_Games_605-2048x1366.jpg 2048w\" sizes=\"auto, (max-width: 1024px) 100vw, 1024px\" \/><\/a><\/figure>\n\n\n\n<figure class=\"wp-block-image size-large\"><a href=\"https:\/\/ehcsils-id.ch\/wp-content\/uploads\/2026\/02\/GKB_HS26_Teams_22-scaled.jpg\"><img loading=\"lazy\" decoding=\"async\" width=\"1024\" height=\"683\" data-id=\"296\" src=\"https:\/\/ehcsils-id.ch\/wp-content\/uploads\/2026\/02\/GKB_HS26_Teams_22-1024x683.jpg\" alt=\"\" class=\"wp-image-296\" srcset=\"https:\/\/ehcsils-id.ch\/wp-content\/uploads\/2026\/02\/GKB_HS26_Teams_22-1024x683.jpg 1024w, https:\/\/ehcsils-id.ch\/wp-content\/uploads\/2026\/02\/GKB_HS26_Teams_22-300x200.jpg 300w, https:\/\/ehcsils-id.ch\/wp-content\/uploads\/2026\/02\/GKB_HS26_Teams_22-768x512.jpg 768w, https:\/\/ehcsils-id.ch\/wp-content\/uploads\/2026\/02\/GKB_HS26_Teams_22-1536x1024.jpg 1536w, https:\/\/ehcsils-id.ch\/wp-content\/uploads\/2026\/02\/GKB_HS26_Teams_22-2048x1365.jpg 2048w\" sizes=\"auto, (max-width: 1024px) 100vw, 1024px\" \/><\/a><\/figure>\n<\/figure>\n","protected":false},"excerpt":{"rendered":"<p>Wenn ihr Kind den Eishockeysport kennenlernen m\u00f6chte, kann es w\u00e4hrend den Wintermonaten grunds\u00e4tzlich jederzeit ein Schnuppertraining besuchen oder zum Saisonbeginn [&hellip;]<\/p>\n","protected":false},"author":1,"featured_media":0,"parent":0,"menu_order":0,"comment_status":"closed","ping_status":"closed","template":"","meta":{"site-sidebar-layout":"default","site-content-layout":"","ast-site-content-layout":"default","site-content-style":"default","site-sidebar-style":"default","ast-global-header-display":"","ast-banner-title-visibility":"","ast-main-header-display":"","ast-hfb-above-header-display":"","ast-hfb-below-header-display":"","ast-hfb-mobile-header-display":"","site-post-title":"","ast-breadcrumbs-content":"","ast-featured-img":"","footer-sml-layout":"","ast-disable-related-posts":"","theme-transparent-header-meta":"","adv-header-id-meta":"","stick-header-meta":"","header-above-stick-meta":"","header-main-stick-meta":"","header-below-stick-meta":"","astra-migrate-meta-layouts":"default","ast-page-background-enabled":"default","ast-page-background-meta":{"desktop":{"background-color":"var(--ast-global-color-5)","background-image":"","background-repeat":"repeat","background-position":"center center","background-size":"auto","background-attachment":"scroll","background-type":"","background-media":"","overlay-type":"","overlay-color":"","overlay-opacity":"","overlay-gradient":""},"tablet":{"background-color":"","background-image":"","background-repeat":"repeat","background-position":"center center","background-size":"auto","background-attachment":"scroll","background-type":"","background-media":"","overlay-type":"","overlay-color":"","overlay-opacity":"","overlay-gradient":""},"mobile":{"background-color":"","background-image":"","background-repeat":"repeat","background-position":"center center","background-size":"auto","background-attachment":"scroll","background-type":"","background-media":"","overlay-type":"","overlay-color":"","overlay-opacity":"","overlay-gradient":""}},"ast-content-background-meta":{"desktop":{"background-color":"var(--ast-global-color-4)","background-image":"","background-repeat":"repeat","background-position":"center center","background-size":"auto","background-attachment":"scroll","background-type":"","background-media":"","overlay-type":"","overlay-color":"","overlay-opacity":"","overlay-gradient":""},"tablet":{"background-color":"var(--ast-global-color-4)","background-image":"","background-repeat":"repeat","background-position":"center center","background-size":"auto","background-attachment":"scroll","background-type":"","background-media":"","overlay-type":"","overlay-color":"","overlay-opacity":"","overlay-gradient":""},"mobile":{"background-color":"var(--ast-global-color-4)","background-image":"","background-repeat":"repeat","background-position":"center center","background-size":"auto","background-attachment":"scroll","background-type":"","background-media":"","overlay-type":"","overlay-color":"","overlay-opacity":"","overlay-gradient":""}},"footnotes":""},"class_list":["post-78","page","type-page","status-publish","hentry"],"_links":{"self":[{"href":"https:\/\/ehcsils-id.ch\/index.php?rest_route=\/wp\/v2\/pages\/78","targetHints":{"allow":["GET"]}}],"collection":[{"href":"https:\/\/ehcsils-id.ch\/index.php?rest_route=\/wp\/v2\/pages"}],"about":[{"href":"https:\/\/ehcsils-id.ch\/index.php?rest_route=\/wp\/v2\/types\/page"}],"author":[{"embeddable":true,"href":"https:\/\/ehcsils-id.ch\/index.php?rest_route=\/wp\/v2\/users\/1"}],"replies":[{"embeddable":true,"href":"https:\/\/ehcsils-id.ch\/index.php?rest_route=%2Fwp%2Fv2%2Fcomments&post=78"}],"version-history":[{"count":14,"href":"https:\/\/ehcsils-id.ch\/index.php?rest_route=\/wp\/v2\/pages\/78\/revisions"}],"predecessor-version":[{"id":320,"href":"https:\/\/ehcsils-id.ch\/index.php?rest_route=\/wp\/v2\/pages\/78\/revisions\/320"}],"wp:attachment":[{"href":"https:\/\/ehcsils-id.ch\/index.php?rest_route=%2Fwp%2Fv2%2Fmedia&parent=78"}],"curies":[{"name":"wp","href":"https:\/\/api.w.org\/{rel}","templated":true}]}}