{"id":313,"date":"2026-02-17T17:51:15","date_gmt":"2026-02-17T17:51:15","guid":{"rendered":"https:\/\/ehcsils-id.ch\/?page_id=313"},"modified":"2026-02-17T17:52:39","modified_gmt":"2026-02-17T17:52:39","slug":"merchandise","status":"publish","type":"page","link":"https:\/\/ehcsils-id.ch\/?page_id=313","title":{"rendered":"Merchandise"},"content":{"rendered":"\n<p>Unser offizielles Merchandise kann direkt bei <a href=\"https:\/\/giger-textil.ch\">Giger-Textil<\/a> bestellt werden. Mit dem angeh\u00e4ngten Bestellblatt habt ihr eine einfache \u00dcbersicht \u00fcber alle verf\u00fcgbaren Artikel, Gr\u00f6ssen und Preise. W\u00e4hlt eure gew\u00fcnschten Produkte aus und gebt das ausgef\u00fcllte Formular gem\u00e4ss den Angaben auf dem Bestellblatt ab. So k\u00f6nnt ihr euch bequem mit unserer Vereinsbekleidung ausstatten und unsere Farben auch neben dem Spielfeld stolz tragen.<\/p>\n\n\n\n<div data-wp-interactive=\"core\/file\" class=\"wp-block-file\"><object data-wp-bind--hidden=\"!state.hasPdfPreview\" hidden class=\"wp-block-file__embed\" data=\"https:\/\/ehcsils-id.ch\/wp-content\/uploads\/2026\/02\/Bestellblatt-EHC-Sils.pdf\" type=\"application\/pdf\" style=\"width:100%;height:600px\" aria-label=\"Einbettung von Bestellblatt EHC Sils.\"><\/object><a id=\"wp-block-file--media-74e051eb-9683-4c4a-b8ec-098fae47d6c3\" href=\"https:\/\/ehcsils-id.ch\/wp-content\/uploads\/2026\/02\/Bestellblatt-EHC-Sils.pdf\">Bestellblatt EHC Sils<\/a><a href=\"https:\/\/ehcsils-id.ch\/wp-content\/uploads\/2026\/02\/Bestellblatt-EHC-Sils.pdf\" class=\"wp-block-file__button wp-element-button\" download aria-describedby=\"wp-block-file--media-74e051eb-9683-4c4a-b8ec-098fae47d6c3\">Herunterladen<\/a><\/div>\n","protected":false},"excerpt":{"rendered":"<p>Unser offizielles Merchandise kann direkt bei Giger-Textil bestellt werden. Mit dem angeh\u00e4ngten Bestellblatt habt ihr eine einfache \u00dcbersicht \u00fcber alle [&hellip;]<\/p>\n","protected":false},"author":2,"featured_media":0,"parent":0,"menu_order":0,"comment_status":"closed","ping_status":"closed","template":"","meta":{"site-sidebar-layout":"default","site-content-layout":"","ast-site-content-layout":"default","site-content-style":"default","site-sidebar-style":"default","ast-global-header-display":"","ast-banner-title-visibility":"","ast-main-header-display":"","ast-hfb-above-header-display":"","ast-hfb-below-header-display":"","ast-hfb-mobile-header-display":"","site-post-title":"","ast-breadcrumbs-content":"","ast-featured-img":"","footer-sml-layout":"","ast-disable-related-posts":"","theme-transparent-header-meta":"","adv-header-id-meta":"","stick-header-meta":"","header-above-stick-meta":"","header-main-stick-meta":"","header-below-stick-meta":"","astra-migrate-meta-layouts":"default","ast-page-background-enabled":"default","ast-page-background-meta":{"desktop":{"background-color":"var(--ast-global-color-5)","background-image":"","background-repeat":"repeat","background-position":"center center","background-size":"auto","background-attachment":"scroll","background-type":"","background-media":"","overlay-type":"","overlay-color":"","overlay-opacity":"","overlay-gradient":""},"tablet":{"background-color":"","background-image":"","background-repeat":"repeat","background-position":"center center","background-size":"auto","background-attachment":"scroll","background-type":"","background-media":"","overlay-type":"","overlay-color":"","overlay-opacity":"","overlay-gradient":""},"mobile":{"background-color":"","background-image":"","background-repeat":"repeat","background-position":"center center","background-size":"auto","background-attachment":"scroll","background-type":"","background-media":"","overlay-type":"","overlay-color":"","overlay-opacity":"","overlay-gradient":""}},"ast-content-background-meta":{"desktop":{"background-color":"var(--ast-global-color-4)","background-image":"","background-repeat":"repeat","background-position":"center center","background-size":"auto","background-attachment":"scroll","background-type":"","background-media":"","overlay-type":"","overlay-color":"","overlay-opacity":"","overlay-gradient":""},"tablet":{"background-color":"var(--ast-global-color-4)","background-image":"","background-repeat":"repeat","background-position":"center center","background-size":"auto","background-attachment":"scroll","background-type":"","background-media":"","overlay-type":"","overlay-color":"","overlay-opacity":"","overlay-gradient":""},"mobile":{"background-color":"var(--ast-global-color-4)","background-image":"","background-repeat":"repeat","background-position":"center center","background-size":"auto","background-attachment":"scroll","background-type":"","background-media":"","overlay-type":"","overlay-color":"","overlay-opacity":"","overlay-gradient":""}},"footnotes":""},"class_list":["post-313","page","type-page","status-publish","hentry"],"_links":{"self":[{"href":"https:\/\/ehcsils-id.ch\/index.php?rest_route=\/wp\/v2\/pages\/313","targetHints":{"allow":["GET"]}}],"collection":[{"href":"https:\/\/ehcsils-id.ch\/index.php?rest_route=\/wp\/v2\/pages"}],"about":[{"href":"https:\/\/ehcsils-id.ch\/index.php?rest_route=\/wp\/v2\/types\/page"}],"author":[{"embeddable":true,"href":"https:\/\/ehcsils-id.ch\/index.php?rest_route=\/wp\/v2\/users\/2"}],"replies":[{"embeddable":true,"href":"https:\/\/ehcsils-id.ch\/index.php?rest_route=%2Fwp%2Fv2%2Fcomments&post=313"}],"version-history":[{"count":2,"href":"https:\/\/ehcsils-id.ch\/index.php?rest_route=\/wp\/v2\/pages\/313\/revisions"}],"predecessor-version":[{"id":318,"href":"https:\/\/ehcsils-id.ch\/index.php?rest_route=\/wp\/v2\/pages\/313\/revisions\/318"}],"wp:attachment":[{"href":"https:\/\/ehcsils-id.ch\/index.php?rest_route=%2Fwp%2Fv2%2Fmedia&parent=313"}],"curies":[{"name":"wp","href":"https:\/\/api.w.org\/{rel}","templated":true}]}}